{"id":34,"date":"2012-04-09T23:00:10","date_gmt":"2012-04-09T23:00:10","guid":{"rendered":"http:\/\/www.aigsa.com.pl\/?page_id=34"},"modified":"2023-05-09T13:08:28","modified_gmt":"2023-05-09T11:08:28","slug":"przedmiot-dzialalnosci","status":"publish","type":"page","link":"https:\/\/aigsa.com.pl\/?page_id=34","title":{"rendered":"Przedmiot dzia\u0142alno\u015bci"},"content":{"rendered":"<p><span style=\"font-size: small;\">Przedmiotem dzia\u0142ania Sp\u00f3\u0142ki wg. PKD jest:<br \/>\n1. PKD 93.11.Z Dzia\u0142alno\u015b\u0107 obiekt\u00f3w sportowych,<br \/>\n2. PKD 93.13.Z Dzia\u0142alno\u015b\u0107 obiekt\u00f3w s\u0142u\u017c\u0105cych poprawie kondycji fizycznej,<br \/>\n3. PKD 93.19.Z Pozosta\u0142a dzia\u0142alno\u015b\u0107 zwi\u0105zana ze sportem,<br \/>\n4. PKD 93.29.B Pozosta\u0142a dzia\u0142alno\u015b\u0107 rozrywkowa i rekreacyjna, gdzie indziej niesklasyfikowana,<br \/>\n5. PKD 96.04.Z Dzia\u0142alno\u015b\u0107 us\u0142ugowa zwi\u0105zana z popraw\u0105 kondycji fizycznej,<br \/>\n6. PKD 85.51.Z Pozaszkolne formy edukacji sportowej oraz zaj\u0119\u0107 sportowych i rekreacyjnych,<br \/>\n7. PKD 79.12.Z Dzia\u0142alno\u015b\u0107 organizator\u00f3w turystyki,<br \/>\n8. PKD 79.11.B Dzia\u0142alno\u015b\u0107 po\u015brednik\u00f3w turystycznych,<br \/>\n9. PKD 79.11.A Dzia\u0142alno\u015b\u0107 agent\u00f3w turystycznych,<br \/>\n10. PKD 79.90.B Dzia\u0142alno\u015b\u0107 w zakresie informacji turystycznej,<br \/>\n11. PKD 79.90.C Pozosta\u0142a dzia\u0142alno\u015b\u0107 us\u0142ugowa w zakresie rezerwacji, gdzie indziej niesklasyfikowana,<br \/>\n12. PKD 47.11.Z Sprzeda\u017c detaliczna prowadzona w niewyspecjalizowanych sklepach z przewag\u0105 \u017cywno\u015bci, napoj\u00f3w i wyrob\u00f3w tytoniowych,<br \/>\n13. PKD 47.19.Z Pozosta\u0142a sprzeda\u017c detaliczna prowadzona w niewyspecjalizowanych sklepach,<br \/>\n14. PKD 47.21.Z Sprzeda\u017c detaliczna owoc\u00f3w i warzyw prowadzona w wyspecjalizowanych sklepach,<br \/>\n15. PKD 47.24.Z Sprzeda\u017c detaliczna pieczywa, ciast, wyrob\u00f3w ciastkarskich i cukierniczych prowadzona w wyspecjalizowanych sklepach,<br \/>\n16. PKD 47.25.Z Sprzeda\u017c detaliczna napoj\u00f3w alkoholowych i bezalkoholowych prowadzona w wyspecjalizowanych sklepach,<br \/>\n17. PKD 47.71.Z Sprzeda\u017c detaliczna odzie\u017cy prowadzona w wyspecjalizowanych sklepach,<br \/>\n18. PKD 47.61.Z Sprzeda\u017c detaliczna ksi\u0105\u017cek prowadzona w wyspecjalizowanych sklepach,<br \/>\n19. PKD 47.62.Z Sprzeda\u017c detaliczna gazet i artyku\u0142\u00f3w pi\u015bmiennych prowadzona w wyspecjalizowanych sklepach,<br \/>\n20. PKD 47.65.Z Sprzeda\u017c detaliczna gier i zabawek prowadzona w wyspecjalizowanych sklepach,<br \/>\n21. PKD 56.10.A Restauracje i inne sta\u0142e plac\u00f3wki gastronomiczne,<br \/>\n22. PKD 56.30.Z Przygotowywanie i podawanie napoj\u00f3w,<br \/>\n23. PKD 68.20.Z Wynajem i zarz\u0105dzanie nieruchomo\u015bciami w\u0142asnymi lub dzier\u017cawionymi,<br \/>\n24. PKD 36.00.Z Pob\u00f3r, uzdatnianie i dostarczanie wody,<br \/>\n25. <\/span><span style=\"font-size: small;\">PKD 37.00.Z Odprowadzanie i oczyszczanie \u015bciek\u00f3w,<br \/>\n26. PKD 81.29.Z Pozosta\u0142e sprz\u0105tanie,<br \/>\n27. PKD 73.11.Z Dzia\u0142alno\u015b\u0107 agencji reklamowych. <\/span><\/p>\n","protected":false},"excerpt":{"rendered":"<p>Przedmiotem dzia\u0142ania Sp\u00f3\u0142ki wg. PKD jest: 1. PKD 93.11.Z Dzia\u0142alno\u015b\u0107 obiekt\u00f3w sportowych, 2. PKD 93.13.Z Dzia\u0142alno\u015b\u0107 obiekt\u00f3w s\u0142u\u017c\u0105cych poprawie kondycji fizycznej, 3. PKD 93.19.Z Pozosta\u0142a dzia\u0142alno\u015b\u0107 zwi\u0105zana ze sportem, 4. PKD 93.29.B Pozosta\u0142a dzia\u0142alno\u015b\u0107 rozrywkowa i rekreacyjna, gdzie indziej niesklasyfikowana, 5. PKD 96.04.Z Dzia\u0142alno\u015b\u0107 us\u0142ugowa zwi\u0105zana z popraw\u0105 kondycji fizycznej, 6. PKD 85.51.Z Pozaszkolne formy [&hellip;]<\/p>\n","protected":false},"author":1,"featured_media":0,"parent":0,"menu_order":0,"comment_status":"closed","ping_status":"closed","template":"","meta":[],"_links":{"self":[{"href":"https:\/\/aigsa.com.pl\/index.php?rest_route=\/wp\/v2\/pages\/34"}],"collection":[{"href":"https:\/\/aigsa.com.pl\/index.php?rest_route=\/wp\/v2\/pages"}],"about":[{"href":"https:\/\/aigsa.com.pl\/index.php?rest_route=\/wp\/v2\/types\/page"}],"author":[{"embeddable":true,"href":"https:\/\/aigsa.com.pl\/index.php?rest_route=\/wp\/v2\/users\/1"}],"replies":[{"embeddable":true,"href":"https:\/\/aigsa.com.pl\/index.php?rest_route=%2Fwp%2Fv2%2Fcomments&post=34"}],"version-history":[{"count":10,"href":"https:\/\/aigsa.com.pl\/index.php?rest_route=\/wp\/v2\/pages\/34\/revisions"}],"predecessor-version":[{"id":3064,"href":"https:\/\/aigsa.com.pl\/index.php?rest_route=\/wp\/v2\/pages\/34\/revisions\/3064"}],"wp:attachment":[{"href":"https:\/\/aigsa.com.pl\/index.php?rest_route=%2Fwp%2Fv2%2Fmedia&parent=34"}],"curies":[{"name":"wp","href":"https:\/\/api.w.org\/{rel}","templated":true}]}}