{"id":32,"date":"2012-04-09T22:59:56","date_gmt":"2012-04-09T22:59:56","guid":{"rendered":"http:\/\/www.aigsa.com.pl\/?page_id=32"},"modified":"2023-05-09T13:01:32","modified_gmt":"2023-05-09T11:01:32","slug":"majatek-spolki","status":"publish","type":"page","link":"https:\/\/aigsa.com.pl\/?page_id=32","title":{"rendered":"Maj\u0105tek sp\u00f3\u0142ki"},"content":{"rendered":"<p>Kapita\u0142 zak\u0142adowy Sp\u00f3\u0142ki wynosi 51.738.250,00 z\u0142 (s\u0142ownie : pi\u0119\u0107dziesi\u0105t jeden milion\u00f3w siedemset trzydzie\u015bci osiem tysi\u0119cy dwie\u015bcie pi\u0119\u0107dziesi\u0105t z\u0142otych) i jest podzielony na 206.953 (s\u0142ownie: dwie\u015bcie sze\u015b\u0107 tysi\u0119cy dziewi\u0119\u0107set pi\u0119\u0107dziesi\u0105t trzy ) udzia\u0142\u00f3w o warto\u015bci 250,00 z\u0142. (dwie\u015bcie pi\u0119\u0107dziesi\u0105t z\u0142otych ) ka\u017cdy.<\/p>\n","protected":false},"excerpt":{"rendered":"<p>Kapita\u0142 zak\u0142adowy Sp\u00f3\u0142ki wynosi 51.738.250,00 z\u0142 (s\u0142ownie : pi\u0119\u0107dziesi\u0105t jeden milion\u00f3w siedemset trzydzie\u015bci osiem tysi\u0119cy dwie\u015bcie pi\u0119\u0107dziesi\u0105t z\u0142otych) i jest podzielony na 206.953 (s\u0142ownie: dwie\u015bcie sze\u015b\u0107 tysi\u0119cy dziewi\u0119\u0107set pi\u0119\u0107dziesi\u0105t trzy ) udzia\u0142\u00f3w o warto\u015bci 250,00 z\u0142. (dwie\u015bcie pi\u0119\u0107dziesi\u0105t z\u0142otych ) ka\u017cdy.<\/p>\n","protected":false},"author":1,"featured_media":0,"parent":0,"menu_order":0,"comment_status":"closed","ping_status":"closed","template":"","meta":[],"_links":{"self":[{"href":"https:\/\/aigsa.com.pl\/index.php?rest_route=\/wp\/v2\/pages\/32"}],"collection":[{"href":"https:\/\/aigsa.com.pl\/index.php?rest_route=\/wp\/v2\/pages"}],"about":[{"href":"https:\/\/aigsa.com.pl\/index.php?rest_route=\/wp\/v2\/types\/page"}],"author":[{"embeddable":true,"href":"https:\/\/aigsa.com.pl\/index.php?rest_route=\/wp\/v2\/users\/1"}],"replies":[{"embeddable":true,"href":"https:\/\/aigsa.com.pl\/index.php?rest_route=%2Fwp%2Fv2%2Fcomments&post=32"}],"version-history":[{"count":51,"href":"https:\/\/aigsa.com.pl\/index.php?rest_route=\/wp\/v2\/pages\/32\/revisions"}],"predecessor-version":[{"id":3063,"href":"https:\/\/aigsa.com.pl\/index.php?rest_route=\/wp\/v2\/pages\/32\/revisions\/3063"}],"wp:attachment":[{"href":"https:\/\/aigsa.com.pl\/index.php?rest_route=%2Fwp%2Fv2%2Fmedia&parent=32"}],"curies":[{"name":"wp","href":"https:\/\/api.w.org\/{rel}","templated":true}]}}