{"id":291,"date":"2013-05-15T18:59:46","date_gmt":"2013-05-15T18:59:46","guid":{"rendered":"http:\/\/www.aigsa.com.pl\/?page_id=291"},"modified":"2013-05-15T19:01:59","modified_gmt":"2013-05-15T19:01:59","slug":"cookie-policy","status":"publish","type":"page","link":"https:\/\/aigsa.com.pl\/?page_id=291","title":{"rendered":"Polityka cookies"},"content":{"rendered":"<p>W ramach naszej witryny stosujemy pliki cookies w celu dostosowania zawarto\u015bci strony do indywidualnych potrzeb u\u017cytkownika. Korzystanie z witryny bez zmiany ustawie\u0144 dotycz\u0105cych cookies oznacza, \u017ce b\u0119d\u0105 one zamieszczane w Pa\u0144stwa urz\u0105dzeniu ko\u0144cowym. Mo\u017cecie Pa\u0144stwo dokona\u0107 w ka\u017cdej chwili zmiany ustawie\u0144 dotycz\u0105cych cookies w ustawieniach swojej przegl\u0105darki internetowej.<\/p>\n<p>Pliki cookies nie s\u0105 wykorzystywane do pozyskiwania jakichkolwiek informacji o u\u017cytkownikach serwisu ani \u015bledzenia ich nawigacji. Pliki cookies stosowane w serwisie nie przechowuj\u0105 \u017cadnych danych osobowych ani innych informacji zebranych od u\u017cytkownik\u00f3w.<\/p>\n<p>Pliki cookies (ciasteczka) stanowi\u0105 pliki tekstowe, kt\u00f3re przechowywane s\u0105 w urz\u0105dzeniu ko\u0144cowym i przeznaczone s\u0105 do korzystania ze stron internetowych. Cookies zawieraj\u0105 nazw\u0119 strony internetowej, z kt\u00f3rej pochodz\u0105, czas przechowywania ich na urz\u0105dzeniu ko\u0144cowym oraz unikalny numer. Stosowane s\u0105 w celu dostosowania zawarto\u015bci strony internetowej do preferencji U\u017cytkownika oraz optymalizacji korzystania ze strony. Pliki te pozwalaj\u0105 rozpozna\u0107 urz\u0105dzenie U\u017cytkownika serwisu i odpowiednio wy\u015bwietli\u0107 stron\u0119 internetow\u0105, dostosowan\u0105 do jego indywidualnych potrzeb.<\/p>\n<p>W wielu przypadkach oprogramowanie s\u0142u\u017c\u0105ce do przegl\u0105dania stron internetowych (przegl\u0105darka internetowa) domy\u015blnie dopuszcza przechowywanie plik\u00f3w cookies w urz\u0105dzeniu ko\u0144cowym U\u017cytkownika. U\u017cytkownicy serwisu mog\u0105 dokona\u0107 w ka\u017cdym czasie zmiany ustawie\u0144 dotycz\u0105cych plik\u00f3w cookies. Ustawienia te mog\u0105 zosta\u0107 zmienione w szczeg\u00f3lno\u015bci w taki spos\u00f3b, aby blokowa\u0107 automatyczn\u0105 obs\u0142ug\u0119 plik\u00f3w cookies w ustawieniach przegl\u0105darki internetowej b\u0105d\u017a informowa\u0107 o ich ka\u017cdorazowym zamieszczeniu w urz\u0105dzeniu U\u017cytkownika serwisu. Szczeg\u00f3\u0142owe informacje o mo\u017cliwo\u015bci i sposobach obs\u0142ugi plik\u00f3w cookies dost\u0119pne s\u0105 w ustawieniach oprogramowania (przegl\u0105darki internetowej).<\/p>\n","protected":false},"excerpt":{"rendered":"<p>W ramach naszej witryny stosujemy pliki cookies w celu dostosowania zawarto\u015bci strony do indywidualnych potrzeb u\u017cytkownika. Korzystanie z witryny bez zmiany ustawie\u0144 dotycz\u0105cych cookies oznacza, \u017ce b\u0119d\u0105 one zamieszczane w Pa\u0144stwa urz\u0105dzeniu ko\u0144cowym. Mo\u017cecie Pa\u0144stwo dokona\u0107 w ka\u017cdej chwili zmiany ustawie\u0144 dotycz\u0105cych cookies w ustawieniach swojej przegl\u0105darki internetowej. Pliki cookies nie s\u0105 wykorzystywane do pozyskiwania [&hellip;]<\/p>\n","protected":false},"author":1,"featured_media":0,"parent":0,"menu_order":0,"comment_status":"closed","ping_status":"closed","template":"","meta":[],"_links":{"self":[{"href":"https:\/\/aigsa.com.pl\/index.php?rest_route=\/wp\/v2\/pages\/291"}],"collection":[{"href":"https:\/\/aigsa.com.pl\/index.php?rest_route=\/wp\/v2\/pages"}],"about":[{"href":"https:\/\/aigsa.com.pl\/index.php?rest_route=\/wp\/v2\/types\/page"}],"author":[{"embeddable":true,"href":"https:\/\/aigsa.com.pl\/index.php?rest_route=\/wp\/v2\/users\/1"}],"replies":[{"embeddable":true,"href":"https:\/\/aigsa.com.pl\/index.php?rest_route=%2Fwp%2Fv2%2Fcomments&post=291"}],"version-history":[{"count":1,"href":"https:\/\/aigsa.com.pl\/index.php?rest_route=\/wp\/v2\/pages\/291\/revisions"}],"predecessor-version":[{"id":292,"href":"https:\/\/aigsa.com.pl\/index.php?rest_route=\/wp\/v2\/pages\/291\/revisions\/292"}],"wp:attachment":[{"href":"https:\/\/aigsa.com.pl\/index.php?rest_route=%2Fwp%2Fv2%2Fmedia&parent=291"}],"curies":[{"name":"wp","href":"https:\/\/api.w.org\/{rel}","templated":true}]}}