{"id":18,"date":"2012-04-09T21:00:46","date_gmt":"2012-04-09T21:00:46","guid":{"rendered":"http:\/\/www.aigsa.com.pl\/?page_id=18"},"modified":"2023-05-09T12:52:14","modified_gmt":"2023-05-09T10:52:14","slug":"organy-spolki","status":"publish","type":"page","link":"https:\/\/aigsa.com.pl\/?page_id=18","title":{"rendered":"Organy sp\u00f3\u0142ki"},"content":{"rendered":"<p>Organami Sp\u00f3\u0142ki s\u0105:<\/p>\n<p>1. Zgromadzenie Wsp\u00f3lnik\u00f3w<\/p>\n<p>2. Rada Nadzorcza w sk\u0142adzie:<\/p>\n<p>\u2013 Grzegorz Czudaj &#8211; Przewodnicz\u0105cy<br \/>\n\u2013 Piotr Machura &#8211; Cz\u0142onek<br \/>\n\u2013\u00a0Mariusz Konopka &#8211; Cz\u0142onek<\/p>\n<p>3. Zarz\u0105d \u00a0w sk\u0142adzie:<\/p>\n<p>Micha\u0142 Fajer\u00a0&#8211; Prezes Zarz\u0105du<\/p>\n<p>&nbsp;<\/p>\n","protected":false},"excerpt":{"rendered":"<p>Organami Sp\u00f3\u0142ki s\u0105: 1. Zgromadzenie Wsp\u00f3lnik\u00f3w 2. Rada Nadzorcza w sk\u0142adzie: \u2013 Grzegorz Czudaj &#8211; Przewodnicz\u0105cy \u2013 Piotr Machura &#8211; Cz\u0142onek \u2013\u00a0Mariusz Konopka &#8211; Cz\u0142onek 3. Zarz\u0105d \u00a0w sk\u0142adzie: Micha\u0142 Fajer\u00a0&#8211; Prezes Zarz\u0105du &nbsp;<\/p>\n","protected":false},"author":1,"featured_media":0,"parent":0,"menu_order":0,"comment_status":"closed","ping_status":"closed","template":"","meta":[],"_links":{"self":[{"href":"https:\/\/aigsa.com.pl\/index.php?rest_route=\/wp\/v2\/pages\/18"}],"collection":[{"href":"https:\/\/aigsa.com.pl\/index.php?rest_route=\/wp\/v2\/pages"}],"about":[{"href":"https:\/\/aigsa.com.pl\/index.php?rest_route=\/wp\/v2\/types\/page"}],"author":[{"embeddable":true,"href":"https:\/\/aigsa.com.pl\/index.php?rest_route=\/wp\/v2\/users\/1"}],"replies":[{"embeddable":true,"href":"https:\/\/aigsa.com.pl\/index.php?rest_route=%2Fwp%2Fv2%2Fcomments&post=18"}],"version-history":[{"count":27,"href":"https:\/\/aigsa.com.pl\/index.php?rest_route=\/wp\/v2\/pages\/18\/revisions"}],"predecessor-version":[{"id":3058,"href":"https:\/\/aigsa.com.pl\/index.php?rest_route=\/wp\/v2\/pages\/18\/revisions\/3058"}],"wp:attachment":[{"href":"https:\/\/aigsa.com.pl\/index.php?rest_route=%2Fwp%2Fv2%2Fmedia&parent=18"}],"curies":[{"name":"wp","href":"https:\/\/api.w.org\/{rel}","templated":true}]}}