{"id":15,"date":"2012-04-09T21:58:03","date_gmt":"2012-04-09T21:58:03","guid":{"rendered":"http:\/\/www.aigsa.com.pl\/?page_id=15"},"modified":"2023-05-09T13:14:07","modified_gmt":"2023-05-09T11:14:07","slug":"status-prawny","status":"publish","type":"page","link":"https:\/\/aigsa.com.pl\/?page_id=15","title":{"rendered":"Status prawny"},"content":{"rendered":"<p>TARNOG\u00d3RSKI O\u015aRODEK SPORTU I REKREACJI SP. Z O.O. (dawnej Agencja Inicjatyw Gospodarczych S.A.) zosta\u0142a zarejestrowana w Krajowym Rejestrze Sadowym pod numerem KRS 0001033744 prowadzonym przez Sad Rejonowy w Gliwicach, X Wydzia\u0142 Gospodarczy Krajowego Rejestru S\u0105dowego.<\/p>\n<p>Oznaczenie formy prawnej: sp\u00f3\u0142ka z o.o.<\/p>\n<p><a href=\"https:\/\/aigsa.com.pl\/wp-content\/uploads\/2023\/05\/Umowa-Spolki-TOSiR.doc.docx\">Umowa Sp\u00f3\u0142ki TOSiR.doc<\/a><\/p>\n<p>&nbsp;<\/p>\n","protected":false},"excerpt":{"rendered":"<p>TARNOG\u00d3RSKI O\u015aRODEK SPORTU I REKREACJI SP. Z O.O. (dawnej Agencja Inicjatyw Gospodarczych S.A.) zosta\u0142a zarejestrowana w Krajowym Rejestrze Sadowym pod numerem KRS 0001033744 prowadzonym przez Sad Rejonowy w Gliwicach, X Wydzia\u0142 Gospodarczy Krajowego Rejestru S\u0105dowego. Oznaczenie formy prawnej: sp\u00f3\u0142ka z o.o. Umowa Sp\u00f3\u0142ki TOSiR.doc &nbsp;<\/p>\n","protected":false},"author":1,"featured_media":0,"parent":0,"menu_order":1,"comment_status":"open","ping_status":"open","template":"","meta":[],"_links":{"self":[{"href":"https:\/\/aigsa.com.pl\/index.php?rest_route=\/wp\/v2\/pages\/15"}],"collection":[{"href":"https:\/\/aigsa.com.pl\/index.php?rest_route=\/wp\/v2\/pages"}],"about":[{"href":"https:\/\/aigsa.com.pl\/index.php?rest_route=\/wp\/v2\/types\/page"}],"author":[{"embeddable":true,"href":"https:\/\/aigsa.com.pl\/index.php?rest_route=\/wp\/v2\/users\/1"}],"replies":[{"embeddable":true,"href":"https:\/\/aigsa.com.pl\/index.php?rest_route=%2Fwp%2Fv2%2Fcomments&post=15"}],"version-history":[{"count":12,"href":"https:\/\/aigsa.com.pl\/index.php?rest_route=\/wp\/v2\/pages\/15\/revisions"}],"predecessor-version":[{"id":3067,"href":"https:\/\/aigsa.com.pl\/index.php?rest_route=\/wp\/v2\/pages\/15\/revisions\/3067"}],"wp:attachment":[{"href":"https:\/\/aigsa.com.pl\/index.php?rest_route=%2Fwp%2Fv2%2Fmedia&parent=15"}],"curies":[{"name":"wp","href":"https:\/\/api.w.org\/{rel}","templated":true}]}}